{"id":13374,"date":"2023-06-08T07:38:23","date_gmt":"2023-06-08T07:38:23","guid":{"rendered":"https:\/\/www.sebastiacrespicatering.com\/aviso-legal\/"},"modified":"2023-06-08T07:42:52","modified_gmt":"2023-06-08T07:42:52","slug":"legal-notice","status":"publish","type":"page","link":"https:\/\/www.sebastiacrespicatering.com\/en\/legal-notice\/","title":{"rendered":"Legal Notice"},"content":{"rendered":"\t\t<div data-elementor-type=\"wp-page\" data-elementor-id=\"13374\" class=\"elementor elementor-13374 elementor-13369\">\n\t\t\t\t\t\t\t\t\t<section class=\"elementor-section elementor-top-section elementor-element elementor-element-29afac5 elementor-section-height-min-height elementor-section-full_width elementor-section-stretched elementor-section-content-middle elementor-section-height-default elementor-section-items-middle\" data-id=\"29afac5\" data-element_type=\"section\" data-settings=\"{&quot;background_background&quot;:&quot;classic&quot;,&quot;stretch_section&quot;:&quot;section-stretched&quot;}\">\n\t\t\t\t\t\t\t<div class=\"elementor-background-overlay\"><\/div>\n\t\t\t\t\t\t\t<div class=\"elementor-container elementor-column-gap-no\">\n\t\t\t\t\t<div class=\"elementor-column elementor-col-100 elementor-top-column elementor-element elementor-element-293340e\" data-id=\"293340e\" data-element_type=\"column\" data-settings=\"{&quot;background_background&quot;:&quot;slideshow&quot;,&quot;background_slideshow_gallery&quot;:[],&quot;background_slideshow_loop&quot;:&quot;yes&quot;,&quot;background_slideshow_slide_duration&quot;:5000,&quot;background_slideshow_slide_transition&quot;:&quot;fade&quot;,&quot;background_slideshow_transition_duration&quot;:500}\">\n\t\t\t<div class=\"elementor-widget-wrap elementor-element-populated\">\n\t\t\t\t\t\t\t\t<div class=\"elementor-element elementor-element-bc8b2c6 elementor-widget elementor-widget-spacer\" data-id=\"bc8b2c6\" data-element_type=\"widget\" data-widget_type=\"spacer.default\">\n\t\t\t\t<div class=\"elementor-widget-container\">\n\t\t\t<style>\/*! elementor - v3.8.1 - 13-11-2022 *\/\n.elementor-column .elementor-spacer-inner{height:var(--spacer-size)}.e-con{--container-widget-width:100%}.e-con-inner>.elementor-widget-spacer,.e-con>.elementor-widget-spacer{width:var(--container-widget-width,var(--spacer-size));-ms-flex-item-align:stretch;align-self:stretch;-ms-flex-negative:0;flex-shrink:0}.e-con-inner>.elementor-widget-spacer>.elementor-widget-container,.e-con-inner>.elementor-widget-spacer>.elementor-widget-container>.elementor-spacer,.e-con>.elementor-widget-spacer>.elementor-widget-container,.e-con>.elementor-widget-spacer>.elementor-widget-container>.elementor-spacer{height:100%}.e-con-inner>.elementor-widget-spacer>.elementor-widget-container>.elementor-spacer>.elementor-spacer-inner,.e-con>.elementor-widget-spacer>.elementor-widget-container>.elementor-spacer>.elementor-spacer-inner{height:var(--container-widget-height,var(--spacer-size))}<\/style>\t\t<div class=\"elementor-spacer\">\n\t\t\t<div class=\"elementor-spacer-inner\"><\/div>\n\t\t<\/div>\n\t\t\t\t<\/div>\n\t\t\t\t<\/div>\n\t\t\t\t<div class=\"elementor-element elementor-element-8640d72 elementor-widget elementor-widget-heading\" data-id=\"8640d72\" data-element_type=\"widget\" data-widget_type=\"heading.default\">\n\t\t\t\t<div class=\"elementor-widget-container\">\n\t\t\t<style>\/*! elementor - v3.8.1 - 13-11-2022 *\/\n.elementor-heading-title{padding:0;margin:0;line-height:1}.elementor-widget-heading .elementor-heading-title[class*=elementor-size-]>a{color:inherit;font-size:inherit;line-height:inherit}.elementor-widget-heading .elementor-heading-title.elementor-size-small{font-size:15px}.elementor-widget-heading .elementor-heading-title.elementor-size-medium{font-size:19px}.elementor-widget-heading .elementor-heading-title.elementor-size-large{font-size:29px}.elementor-widget-heading .elementor-heading-title.elementor-size-xl{font-size:39px}.elementor-widget-heading .elementor-heading-title.elementor-size-xxl{font-size:59px}<\/style><h1 class=\"elementor-heading-title elementor-size-default\">Legal Notice<\/h1>\t\t<\/div>\n\t\t\t\t<\/div>\n\t\t\t\t\t<\/div>\n\t\t<\/div>\n\t\t\t\t\t\t\t<\/div>\n\t\t<\/section>\n\t\t\t\t<section class=\"elementor-section elementor-top-section elementor-element elementor-element-29a20fd elementor-section-boxed elementor-section-height-default elementor-section-height-default\" data-id=\"29a20fd\" data-element_type=\"section\">\n\t\t\t\t\t\t<div class=\"elementor-container elementor-column-gap-wide\">\n\t\t\t\t\t<div class=\"elementor-column elementor-col-100 elementor-top-column elementor-element elementor-element-32a779c\" data-id=\"32a779c\" data-element_type=\"column\">\n\t\t\t<div class=\"elementor-widget-wrap elementor-element-populated\">\n\t\t\t\t\t\t\t\t<div class=\"elementor-element elementor-element-137caeb elementor-widget elementor-widget-text-editor\" data-id=\"137caeb\" data-element_type=\"widget\" data-widget_type=\"text-editor.default\">\n\t\t\t\t<div class=\"elementor-widget-container\">\n\t\t\t<style>\/*! elementor - v3.8.1 - 13-11-2022 *\/\n.elementor-widget-text-editor.elementor-drop-cap-view-stacked .elementor-drop-cap{background-color:#818a91;color:#fff}.elementor-widget-text-editor.elementor-drop-cap-view-framed .elementor-drop-cap{color:#818a91;border:3px solid;background-color:transparent}.elementor-widget-text-editor:not(.elementor-drop-cap-view-default) .elementor-drop-cap{margin-top:8px}.elementor-widget-text-editor:not(.elementor-drop-cap-view-default) .elementor-drop-cap-letter{width:1em;height:1em}.elementor-widget-text-editor .elementor-drop-cap{float:left;text-align:center;line-height:1;font-size:50px}.elementor-widget-text-editor .elementor-drop-cap-letter{display:inline-block}<\/style>\t\t\t\t<p><strong>LEGAL NOTICE<\/strong><\/p><p>In compliance with the duty of information contained in Article 10 of Law 34\/2002, of 11 July, on Information Society Services and Electronic Commerce (LSSICE), the owner of the website informs you of the following:<\/p><p>Company name: Sebasti\u00e1n Crespi Ordinas<\/p><p>NIF: 43111571A<\/p><p>Address: C\/ Batac, 34b , 07100 &#8211; Soller (Illes Balears)<\/p><p>Within the limits established by law, Sebasti\u00e1n Crespi Ordinas assumes no liability for the lack of truthfulness, completeness, updating and accuracy of the data or information contained in its web pages.<\/p><p>The contents and information do not bind Sebasti\u00e1n Crespi Ordinas nor do they constitute opinions, advice or legal advice of any kind as it is merely a service offered for information and dissemination purposes.<\/p><p>The Internet pages of Sebasti\u00e1n Crespi Ordinas may contain links to other pages of third parties that Sebasti\u00e1n Crespi Ordinas cannot control. Therefore, Sebasti\u00e1n Crespi Ordinas cannot assume responsibility for the content that may appear on third party sites.<\/p><p>The texts, images, sounds, animations, software and other contents included in this website are the exclusive property of Sebasti\u00e1n Crespi Ordinas or its licensors. Any act of transmission, distribution, transfer, reproduction, storage or total or partial public communication must have the express consent of Sebasti\u00e1n Crespi Ordinas.<\/p><p>Likewise, in order to access some of the services offered by Sebasti\u00e1n Crespi Ordinas through the website, you must provide some personal data. In compliance with the provisions of Regulation (EU) 2016\/679 of the European Parliament and of the Council of 27 April 2016 on the protection of natural persons with regard to the processing of personal data and on the free movement of such data, we inform you that, by completing these forms, your personal data will be incorporated and processed in the files of Sebasti\u00e1n Crespi Ordinas in order to be able to provide and offer you our services as well as to inform you of improvements to the website.<\/p><p>We also inform you that you will have the possibility at any time to exercise your rights of access, rectification, cancellation, opposition, limitation and portability of your personal data, free of charge by email to: contact@sebastiacrespicatering.com or at the address: C\/ Batac, 34b , 07100 &#8211; Soller (Illes Balears).<\/p>\t\t\t\t\t\t<\/div>\n\t\t\t\t<\/div>\n\t\t\t\t\t<\/div>\n\t\t<\/div>\n\t\t\t\t\t\t\t<\/div>\n\t\t<\/section>\n\t\t\t\t\t\t\t<\/div>\n\t\t","protected":false},"excerpt":{"rendered":"<p>Legal Notice LEGAL NOTICE In compliance with the duty of information contained in Article 10 of Law 34\/2002, of 11 July, on Information Society Services and Electronic Commerce (LSSICE), the owner of the website informs you of the following: Company name: Sebasti\u00e1n Crespi Ordinas NIF: 43111571A Address: C\/ Batac, 34b , 07100 &#8211; Soller (Illes [&hellip;]<\/p>\n","protected":false},"author":1,"featured_media":0,"parent":0,"menu_order":0,"comment_status":"closed","ping_status":"closed","template":"elementor_header_footer","meta":{"inline_featured_image":false,"footnotes":""},"class_list":["post-13374","page","type-page","status-publish","hentry"],"yoast_head":"<!-- This site is optimized with the Yoast SEO plugin v19.10 - https:\/\/yoast.com\/wordpress\/plugins\/seo\/ -->\n<title>Legal Notice - Sebasti\u00e0 Cresp\u00ed<\/title>\n<meta name=\"robots\" content=\"index, follow, max-snippet:-1, max-image-preview:large, max-video-preview:-1\" \/>\n<link rel=\"canonical\" href=\"https:\/\/www.sebastiacrespicatering.com\/en\/legal-notice\/\" \/>\n<meta property=\"og:locale\" content=\"en_US\" \/>\n<meta property=\"og:type\" content=\"article\" \/>\n<meta property=\"og:title\" content=\"Legal Notice - Sebasti\u00e0 Cresp\u00ed\" \/>\n<meta property=\"og:description\" content=\"Legal Notice LEGAL NOTICE In compliance with the duty of information contained in Article 10 of Law 34\/2002, of 11 July, on Information Society Services and Electronic Commerce (LSSICE), the owner of the website informs you of the following: Company name: Sebasti\u00e1n Crespi Ordinas NIF: 43111571A Address: C\/ Batac, 34b , 07100 &#8211; Soller (Illes [&hellip;]\" \/>\n<meta property=\"og:url\" content=\"https:\/\/www.sebastiacrespicatering.com\/en\/legal-notice\/\" \/>\n<meta property=\"og:site_name\" content=\"Sebasti\u00e0 Cresp\u00ed\" \/>\n<meta property=\"article:modified_time\" content=\"2023-06-08T07:42:52+00:00\" \/>\n<meta name=\"twitter:card\" content=\"summary_large_image\" \/>\n<meta name=\"twitter:label1\" content=\"Est. reading time\" \/>\n\t<meta name=\"twitter:data1\" content=\"2 minutes\" \/>\n<script type=\"application\/ld+json\" class=\"yoast-schema-graph\">{\"@context\":\"https:\/\/schema.org\",\"@graph\":[{\"@type\":\"WebPage\",\"@id\":\"https:\/\/www.sebastiacrespicatering.com\/en\/legal-notice\/\",\"url\":\"https:\/\/www.sebastiacrespicatering.com\/en\/legal-notice\/\",\"name\":\"Legal Notice - Sebasti\u00e0 Cresp\u00ed\",\"isPartOf\":{\"@id\":\"https:\/\/www.sebastiacrespicatering.com\/en\/#website\"},\"datePublished\":\"2023-06-08T07:38:23+00:00\",\"dateModified\":\"2023-06-08T07:42:52+00:00\",\"breadcrumb\":{\"@id\":\"https:\/\/www.sebastiacrespicatering.com\/en\/legal-notice\/#breadcrumb\"},\"inLanguage\":\"en-US\",\"potentialAction\":[{\"@type\":\"ReadAction\",\"target\":[\"https:\/\/www.sebastiacrespicatering.com\/en\/legal-notice\/\"]}]},{\"@type\":\"BreadcrumbList\",\"@id\":\"https:\/\/www.sebastiacrespicatering.com\/en\/legal-notice\/#breadcrumb\",\"itemListElement\":[{\"@type\":\"ListItem\",\"position\":1,\"name\":\"Portada\",\"item\":\"https:\/\/www.sebastiacrespicatering.com\/en\/\"},{\"@type\":\"ListItem\",\"position\":2,\"name\":\"Legal Notice\"}]},{\"@type\":\"WebSite\",\"@id\":\"https:\/\/www.sebastiacrespicatering.com\/en\/#website\",\"url\":\"https:\/\/www.sebastiacrespicatering.com\/en\/\",\"name\":\"Sebasti\u00e0 Cresp\u00ed\",\"description\":\"Catering Services\",\"potentialAction\":[{\"@type\":\"SearchAction\",\"target\":{\"@type\":\"EntryPoint\",\"urlTemplate\":\"https:\/\/www.sebastiacrespicatering.com\/en\/?s={search_term_string}\"},\"query-input\":\"required name=search_term_string\"}],\"inLanguage\":\"en-US\"}]}<\/script>\n<!-- \/ Yoast SEO plugin. -->","yoast_head_json":{"title":"Legal Notice - Sebasti\u00e0 Cresp\u00ed","robots":{"index":"index","follow":"follow","max-snippet":"max-snippet:-1","max-image-preview":"max-image-preview:large","max-video-preview":"max-video-preview:-1"},"canonical":"https:\/\/www.sebastiacrespicatering.com\/en\/legal-notice\/","og_locale":"en_US","og_type":"article","og_title":"Legal Notice - Sebasti\u00e0 Cresp\u00ed","og_description":"Legal Notice LEGAL NOTICE In compliance with the duty of information contained in Article 10 of Law 34\/2002, of 11 July, on Information Society Services and Electronic Commerce (LSSICE), the owner of the website informs you of the following: Company name: Sebasti\u00e1n Crespi Ordinas NIF: 43111571A Address: C\/ Batac, 34b , 07100 &#8211; Soller (Illes [&hellip;]","og_url":"https:\/\/www.sebastiacrespicatering.com\/en\/legal-notice\/","og_site_name":"Sebasti\u00e0 Cresp\u00ed","article_modified_time":"2023-06-08T07:42:52+00:00","twitter_card":"summary_large_image","twitter_misc":{"Est. reading time":"2 minutes"},"schema":{"@context":"https:\/\/schema.org","@graph":[{"@type":"WebPage","@id":"https:\/\/www.sebastiacrespicatering.com\/en\/legal-notice\/","url":"https:\/\/www.sebastiacrespicatering.com\/en\/legal-notice\/","name":"Legal Notice - Sebasti\u00e0 Cresp\u00ed","isPartOf":{"@id":"https:\/\/www.sebastiacrespicatering.com\/en\/#website"},"datePublished":"2023-06-08T07:38:23+00:00","dateModified":"2023-06-08T07:42:52+00:00","breadcrumb":{"@id":"https:\/\/www.sebastiacrespicatering.com\/en\/legal-notice\/#breadcrumb"},"inLanguage":"en-US","potentialAction":[{"@type":"ReadAction","target":["https:\/\/www.sebastiacrespicatering.com\/en\/legal-notice\/"]}]},{"@type":"BreadcrumbList","@id":"https:\/\/www.sebastiacrespicatering.com\/en\/legal-notice\/#breadcrumb","itemListElement":[{"@type":"ListItem","position":1,"name":"Portada","item":"https:\/\/www.sebastiacrespicatering.com\/en\/"},{"@type":"ListItem","position":2,"name":"Legal Notice"}]},{"@type":"WebSite","@id":"https:\/\/www.sebastiacrespicatering.com\/en\/#website","url":"https:\/\/www.sebastiacrespicatering.com\/en\/","name":"Sebasti\u00e0 Cresp\u00ed","description":"Catering Services","potentialAction":[{"@type":"SearchAction","target":{"@type":"EntryPoint","urlTemplate":"https:\/\/www.sebastiacrespicatering.com\/en\/?s={search_term_string}"},"query-input":"required name=search_term_string"}],"inLanguage":"en-US"}]}},"_links":{"self":[{"href":"https:\/\/www.sebastiacrespicatering.com\/en\/wp-json\/wp\/v2\/pages\/13374","targetHints":{"allow":["GET"]}}],"collection":[{"href":"https:\/\/www.sebastiacrespicatering.com\/en\/wp-json\/wp\/v2\/pages"}],"about":[{"href":"https:\/\/www.sebastiacrespicatering.com\/en\/wp-json\/wp\/v2\/types\/page"}],"author":[{"embeddable":true,"href":"https:\/\/www.sebastiacrespicatering.com\/en\/wp-json\/wp\/v2\/users\/1"}],"replies":[{"embeddable":true,"href":"https:\/\/www.sebastiacrespicatering.com\/en\/wp-json\/wp\/v2\/comments?post=13374"}],"version-history":[{"count":9,"href":"https:\/\/www.sebastiacrespicatering.com\/en\/wp-json\/wp\/v2\/pages\/13374\/revisions"}],"predecessor-version":[{"id":13389,"href":"https:\/\/www.sebastiacrespicatering.com\/en\/wp-json\/wp\/v2\/pages\/13374\/revisions\/13389"}],"wp:attachment":[{"href":"https:\/\/www.sebastiacrespicatering.com\/en\/wp-json\/wp\/v2\/media?parent=13374"}],"curies":[{"name":"wp","href":"https:\/\/api.w.org\/{rel}","templated":true}]}}